{"id":125,"date":"2020-05-31T15:21:40","date_gmt":"2020-05-31T15:21:40","guid":{"rendered":"https:\/\/decatria.hr\/?page_id=125"},"modified":"2020-08-04T18:23:50","modified_gmt":"2020-08-04T18:23:50","slug":"sdi","status":"publish","type":"page","link":"https:\/\/www.decatria.hr\/index.php\/sdi\/","title":{"rendered":"SDI"},"content":{"rendered":"\n<p class=\"has-large-font-size\"><strong>Strength Deployment Inventory<\/strong><\/p>\n\n\n\n<p>Ve\u0107ina problema svakog pojedinca, bilo u privatnom, dru\u0161tvenom ili poslovnom okru\u017eenju uzrokovana je me\u0111uljudskim odnosima. Me\u0111uljudski odnosi uglavnom proizlaze iz kvalitete komunikacije. Kvalitetna komunikacija razvija uspje\u0161ne odnose, kvalitetnu suradnju i timski rad. Lo\u0161a komunikacija dovodi do konflikta i\/ili prekida odnosa, odnosno ne\u017eeljenih ishoda koji su pogubni za osobnu i organizacijsku uspje\u0161nost.<\/p>\n\n\n\n<p>U privatnim, dru\u0161tvenim ili poslovnim odnosima na\u0161a komunikacija dio je na\u0161eg pona\u0161anja koje je motivirano na\u0161im uvjerenjima, razmi\u0161ljanjima i stavovima.<\/p>\n\n\n\n<p>SDI Strength Deployment Inventory je jednostavan alat samoprocjene koji nam kroz kratki upitnik od 20 pitanja daje jasan uvid u na\u0161u motivaciju i pona\u0161anje u situacijama kada se osje\u0107amo se dobro, ali i u konfliktu. Za lak\u0161e razumijevanje individualnih motiva i obrazaca pona\u0161anja, SDI alat koristi 3 boje (plavu, crvenu i zelenu) i njihove kombinacije koje predstavljaju ukupno 7 razli\u010ditih motivacijskih sustava. Kroz SDI\u00ae dobivamo sliku sebe: svog sustava motivacijske vrijednosti koji predstavlja osobnu unutarnju motivaciju koja odre\u0111uje na\u0161e pona\u0161anje- kada je sve u redu, ali i u konfliktu. SDI profil omogu\u0107uje nam da razumijemo sebe ali i druge jer nas u\u010di jezik svakog od 7 razli\u010ditih motivacijskih sustava. Na ovaj na\u010din SDI pru\u017ea okvir za bolje razumijevanje sebe i drugih, te poma\u017ee prevladavanju me\u0111uljudskih i komunikacijskih problema \u010dime se ostvaruju bolji i uspje\u0161niji me\u0111uljudski odnosi.<\/p>\n\n\n\n<p>SDI skupinu \u010dine ukupno 8 pouzdanih alata koji Vam mogu pomo\u0107i u:<\/p>\n\n\n\n<ul class=\"wp-block-list\"><li>pobolj\u0161anju komunikacije s okolinom<\/li><li>produktivnijem timskom radu<\/li><li>uspje\u0161nom leadershipu i vo\u0111enju timova<\/li><li>boljem odnosu s klijentima<\/li><li>uspje\u0161noj prevenciji i rje\u0161avanju konflikata<\/li><\/ul>\n\n\n\n<p>Imate pitanja ili Vas zanima vi\u0161e na temu SDI, <a href=\"https:\/\/www.decatria.hr\/index.php\/kontakt\/\">obratite se s povjerenjem.<\/a><\/p>\n\n\n\n<div style=\"height:100px\" aria-hidden=\"true\" class=\"wp-block-spacer\"><\/div>\n\n\n\n<p><\/p>\n","protected":false},"excerpt":{"rendered":"<p>Strength Deployment Inventory Ve\u0107ina problema svakog pojedinca, bilo u privatnom, dru\u0161tvenom ili poslovnom okru\u017eenju uzrokovana je me\u0111uljudskim odnosima. Me\u0111uljudski odnosi &hellip; <\/p>\n","protected":false},"author":1,"featured_media":0,"parent":0,"menu_order":0,"comment_status":"closed","ping_status":"closed","template":"","meta":{"footnotes":""},"class_list":["post-125","page","type-page","status-publish","hentry"],"_links":{"self":[{"href":"https:\/\/www.decatria.hr\/index.php\/wp-json\/wp\/v2\/pages\/125","targetHints":{"allow":["GET"]}}],"collection":[{"href":"https:\/\/www.decatria.hr\/index.php\/wp-json\/wp\/v2\/pages"}],"about":[{"href":"https:\/\/www.decatria.hr\/index.php\/wp-json\/wp\/v2\/types\/page"}],"author":[{"embeddable":true,"href":"https:\/\/www.decatria.hr\/index.php\/wp-json\/wp\/v2\/users\/1"}],"replies":[{"embeddable":true,"href":"https:\/\/www.decatria.hr\/index.php\/wp-json\/wp\/v2\/comments?post=125"}],"version-history":[{"count":9,"href":"https:\/\/www.decatria.hr\/index.php\/wp-json\/wp\/v2\/pages\/125\/revisions"}],"predecessor-version":[{"id":405,"href":"https:\/\/www.decatria.hr\/index.php\/wp-json\/wp\/v2\/pages\/125\/revisions\/405"}],"wp:attachment":[{"href":"https:\/\/www.decatria.hr\/index.php\/wp-json\/wp\/v2\/media?parent=125"}],"curies":[{"name":"wp","href":"https:\/\/api.w.org\/{rel}","templated":true}]}}