{"id":2,"date":"2019-01-29T18:34:25","date_gmt":"2019-01-29T18:34:25","guid":{"rendered":"http:\/\/decatria.hr\/\/?page_id=2"},"modified":"2020-05-31T16:08:31","modified_gmt":"2020-05-31T16:08:31","slug":"sample-page","status":"publish","type":"page","link":"https:\/\/www.decatria.hr\/index.php\/sample-page\/","title":{"rendered":"Home"},"content":{"rendered":"\n<p>Dobrodo\u0161li na stranice DECATRIA poslovanja koje se bavi poslovnim savjetovanjem, treninzima osobnog razvoja i poslovnih vje\u0161tina.<\/p>\n\n\n\n<p>DECATRIA je osnovana s vizijom da svakom pojedincu pomogne na najbolji mogu\u0107i na\u010din- da bolje upozna sebe i razvija se kroz nove vje\u0161tine koje mu mogu pomo\u0107i u privatnom, dru\u0161tvenom ili poslovnom okru\u017eenju&#8230;<\/p>\n\n\n\n<p>Snaga svakog pojedinca nalazi se u njemu samome, ponekad je potrebno samo malo pomo\u0107i &#8216;izvana&#8217; kako bi se ta snaga osvijestila i usmjerila ka \u017eeljenom cilju.<\/p>\n\n\n\n<p class=\"has-text-align-center\">DECATRIA vam nudi upravo to:<\/p>\n\n\n\n<p>Upoznajte bolje sebe kroz SDI\u00ae alate, razvijte dodatne vje\u0161tine kroz treninge i ostvarite \u017eeljene ciljeve kroz coaching!<\/p>\n\n\n\n<p class=\"has-text-align-center\"><a href=\"https:\/\/www.decatria.hr\/index.php\/kontakt\">Obratite nam se s povjerenjem.<\/a><\/p>\n","protected":false},"excerpt":{"rendered":"<p>Dobrodo\u0161li na stranice DECATRIA poslovanja koje se bavi poslovnim savjetovanjem, treninzima osobnog razvoja i poslovnih vje\u0161tina. DECATRIA je osnovana s &hellip; <\/p>\n","protected":false},"author":1,"featured_media":0,"parent":0,"menu_order":0,"comment_status":"closed","ping_status":"open","template":"","meta":{"footnotes":""},"class_list":["post-2","page","type-page","status-publish","hentry"],"_links":{"self":[{"href":"https:\/\/www.decatria.hr\/index.php\/wp-json\/wp\/v2\/pages\/2","targetHints":{"allow":["GET"]}}],"collection":[{"href":"https:\/\/www.decatria.hr\/index.php\/wp-json\/wp\/v2\/pages"}],"about":[{"href":"https:\/\/www.decatria.hr\/index.php\/wp-json\/wp\/v2\/types\/page"}],"author":[{"embeddable":true,"href":"https:\/\/www.decatria.hr\/index.php\/wp-json\/wp\/v2\/users\/1"}],"replies":[{"embeddable":true,"href":"https:\/\/www.decatria.hr\/index.php\/wp-json\/wp\/v2\/comments?post=2"}],"version-history":[{"count":3,"href":"https:\/\/www.decatria.hr\/index.php\/wp-json\/wp\/v2\/pages\/2\/revisions"}],"predecessor-version":[{"id":140,"href":"https:\/\/www.decatria.hr\/index.php\/wp-json\/wp\/v2\/pages\/2\/revisions\/140"}],"wp:attachment":[{"href":"https:\/\/www.decatria.hr\/index.php\/wp-json\/wp\/v2\/media?parent=2"}],"curies":[{"name":"wp","href":"https:\/\/api.w.org\/{rel}","templated":true}]}}