{"id":33,"date":"2020-05-16T12:13:53","date_gmt":"2020-05-16T12:13:53","guid":{"rendered":"https:\/\/decatria.hr\/?page_id=33"},"modified":"2020-08-04T14:17:26","modified_gmt":"2020-08-04T14:17:26","slug":"o-meni","status":"publish","type":"page","link":"https:\/\/www.decatria.hr\/index.php\/o-meni\/","title":{"rendered":"O meni"},"content":{"rendered":"\n<p class=\"has-large-font-size\"><strong>Maja Kragol<\/strong>, M.Sc.<\/p>\n\n\n\n<div style=\"height:25px\" aria-hidden=\"true\" class=\"wp-block-spacer\"><\/div>\n\n\n\n<div class=\"wp-block-group alignwide is-layout-flow wp-block-group-is-layout-flow\"><div class=\"wp-block-group__inner-container\"><\/div><\/div>\n\n\n\n<div class=\"wp-block-group\"><div class=\"wp-block-group__inner-container is-layout-flow wp-block-group-is-layout-flow\">\n<div class=\"wp-block-columns is-layout-flex wp-container-core-columns-is-layout-9d6595d7 wp-block-columns-is-layout-flex\">\n<div class=\"wp-block-column is-layout-flow wp-block-column-is-layout-flow\">\n<figure class=\"wp-block-image size-large is-style-default\"><img loading=\"lazy\" decoding=\"async\" width=\"768\" height=\"1024\" src=\"https:\/\/www.decatria.hr\/wp-content\/uploads\/2020\/06\/20200604_141552-768x1024.jpg\" alt=\"\" class=\"wp-image-169\" srcset=\"https:\/\/www.decatria.hr\/wp-content\/uploads\/2020\/06\/20200604_141552-768x1024.jpg 768w, https:\/\/www.decatria.hr\/wp-content\/uploads\/2020\/06\/20200604_141552-225x300.jpg 225w, https:\/\/www.decatria.hr\/wp-content\/uploads\/2020\/06\/20200604_141552-1152x1536.jpg 1152w, https:\/\/www.decatria.hr\/wp-content\/uploads\/2020\/06\/20200604_141552-1536x2048.jpg 1536w, https:\/\/www.decatria.hr\/wp-content\/uploads\/2020\/06\/20200604_141552-45x60.jpg 45w, https:\/\/www.decatria.hr\/wp-content\/uploads\/2020\/06\/20200604_141552-scaled.jpg 1920w\" sizes=\"auto, (max-width: 768px) 100vw, 768px\" \/><\/figure>\n\n\n\n<p><\/p>\n<\/div>\n\n\n\n<div class=\"wp-block-column is-vertically-aligned-center is-layout-flow wp-block-column-is-layout-flow\" style=\"flex-basis:42.2%\">\n<ul class=\"wp-block-list\"><li>NLP Master Practitioner<\/li><li>NLP Coach<\/li><li>EMCC Coach<\/li><li>SDI\u00ae Facilitator<\/li><\/ul>\n<\/div>\n\n\n\n<div class=\"wp-block-column is-vertically-aligned-top is-layout-flow wp-block-column-is-layout-flow\" style=\"flex-basis:26.9%\"><\/div>\n<\/div>\n<\/div><\/div>\n\n\n\n<hr class=\"wp-block-separator\"\/>\n\n\n\n<p>DECATRIA poslovanje osnovala sam nakon vi\u0161e od 20 godina korporativne karijere sa ciljem da pojedincima, timovima i kompanijama pomognem u osobnom razvoju i razvoju poslovnih vje\u0161tina &#8211; kako bi unaprijedili svoju komunikaciju sa okolinom, razvili svoj puni potencijal i uspje\u0161no ostvarili ciljeve. Moja karijera prije Decatrije obuhva\u0107ala je niz pozicija u podru\u010dju marketinga, prodaje, razvoja poslovanja i vodstva klju\u010dnih klijenata, te treninge metoda i vje\u0161tina uspje\u0161nog nastupa i komunikacije pojedinaca i timova, kako na lokalnom tako i globalnom nivou.<\/p>\n\n\n\n<p>DECATRIA je put kojim sam krenula sa \u017eeljom da sva svoja znanja i iskustva ujedinim u jedinstveni pristup razvoja svakog pojedinca motiviranog \u017eeljom za rastom, razvojem i pozitivnom promjenom. Moja osobna motivacija proiza\u0161la je iz zadovoljstva rada s ljudima i pru\u017eanju podr\u0161ke drugima- kombinacijom formalnih znanja, poslovnog iskustva i metoda NLPa i coachinga.<\/p>\n","protected":false},"excerpt":{"rendered":"<p>Maja Kragol, M.Sc. NLP Master Practitioner NLP Coach EMCC Coach SDI\u00ae Facilitator DECATRIA poslovanje osnovala sam nakon vi\u0161e od 20 &hellip; <\/p>\n","protected":false},"author":1,"featured_media":0,"parent":0,"menu_order":0,"comment_status":"closed","ping_status":"closed","template":"","meta":{"footnotes":""},"class_list":["post-33","page","type-page","status-publish","hentry"],"_links":{"self":[{"href":"https:\/\/www.decatria.hr\/index.php\/wp-json\/wp\/v2\/pages\/33","targetHints":{"allow":["GET"]}}],"collection":[{"href":"https:\/\/www.decatria.hr\/index.php\/wp-json\/wp\/v2\/pages"}],"about":[{"href":"https:\/\/www.decatria.hr\/index.php\/wp-json\/wp\/v2\/types\/page"}],"author":[{"embeddable":true,"href":"https:\/\/www.decatria.hr\/index.php\/wp-json\/wp\/v2\/users\/1"}],"replies":[{"embeddable":true,"href":"https:\/\/www.decatria.hr\/index.php\/wp-json\/wp\/v2\/comments?post=33"}],"version-history":[{"count":27,"href":"https:\/\/www.decatria.hr\/index.php\/wp-json\/wp\/v2\/pages\/33\/revisions"}],"predecessor-version":[{"id":373,"href":"https:\/\/www.decatria.hr\/index.php\/wp-json\/wp\/v2\/pages\/33\/revisions\/373"}],"wp:attachment":[{"href":"https:\/\/www.decatria.hr\/index.php\/wp-json\/wp\/v2\/media?parent=33"}],"curies":[{"name":"wp","href":"https:\/\/api.w.org\/{rel}","templated":true}]}}